{"id":10667,"date":"2025-10-24T09:03:18","date_gmt":"2025-10-24T07:03:18","guid":{"rendered":"https:\/\/www.chesaspuondas.ch\/?page_id=10667"},"modified":"2025-10-24T09:03:18","modified_gmt":"2025-10-24T07:03:18","slug":"kulinarik","status":"publish","type":"page","link":"https:\/\/www.chesaspuondas.ch\/en\/kulinarik\/","title":{"rendered":"Kulinarik"},"content":{"rendered":"<div class=\"fusion-fullwidth fullwidth-box fusion-builder-row-1 fusion-flex-container nonhundred-percent-fullwidth non-hundred-percent-height-scrolling\" style=\"--awb-background-position:left top;--awb-border-sizes-top:0px;--awb-border-sizes-bottom:0px;--awb-border-sizes-left:0px;--awb-border-sizes-right:0px;--awb-border-radius-top-left:0px;--awb-border-radius-top-right:0px;--awb-border-radius-bottom-right:0px;--awb-border-radius-bottom-left:0px;--awb-padding-top:0px;--awb-padding-bottom:95px;--awb-padding-bottom-medium:60px;--awb-padding-bottom-small:72px;--awb-flex-wrap:wrap;\" ><div class=\"fusion-builder-row fusion-row fusion-flex-align-items-flex-start fusion-flex-content-wrap\" style=\"max-width:1216.8px;margin-left: calc(-4% \/ 2 );margin-right: calc(-4% \/ 2 );\"><div class=\"fusion-layout-column fusion_builder_column fusion-builder-column-0 fusion_builder_column_3_5 3_5 fusion-flex-column\" style=\"--awb-bg-position:right bottom;--awb-bg-size:cover;--awb-width-large:60%;--awb-margin-top-large:0px;--awb-spacing-right-large:3.84%;--awb-margin-bottom-large:20px;--awb-spacing-left-large:3.2%;--awb-width-medium:60%;--awb-order-medium:0;--awb-spacing-right-medium:3.84%;--awb-spacing-left-medium:3.2%;--awb-width-small:100%;--awb-order-small:0;--awb-spacing-right-small:1.92%;--awb-spacing-left-small:1.92%;\"><div class=\"fusion-column-wrapper fusion-column-has-shadow fusion-flex-justify-content-flex-start fusion-content-layout-column\"><div class=\"fusion-title title fusion-title-1 fusion-title-text fusion-title-size-one\" style=\"--awb-margin-top-small:0px;--awb-margin-right-small:0px;--awb-margin-bottom-small:20px;--awb-margin-left-small:0px;--awb-font-size:46px;\"><div class=\"title-sep-container title-sep-container-left fusion-no-large-visibility fusion-no-medium-visibility fusion-no-small-visibility\"><div class=\"title-sep sep- sep-solid\" style=\"border-color:#e0dede;\"><\/div><\/div><span class=\"awb-title-spacer fusion-no-large-visibility fusion-no-medium-visibility fusion-no-small-visibility\"><\/span><h1 class=\"fusion-title-heading title-heading-left fusion-responsive-typography-calculated\" style=\"margin:0;font-size:1em;--fontSize:46;line-height:1.5;\">Feine, lokale und saisonale K\u00fcche<\/h1><span class=\"awb-title-spacer\"><\/span><div class=\"title-sep-container title-sep-container-right\"><div class=\"title-sep sep- sep-solid\" style=\"border-color:#e0dede;\"><\/div><\/div><\/div><div class=\"fusion-separator\" style=\"align-self: flex-start;margin-right:auto;margin-top:0px;margin-bottom:20px;width:100%;max-width:50px;\"><div class=\"fusion-separator-border sep-single sep-solid\" style=\"--awb-height:20px;--awb-amount:20px;--awb-sep-color:#9d9070;border-color:#9d9070;border-top-width:1px;\"><\/div><\/div><div class=\"fusion-text fusion-text-1\" style=\"--awb-font-size:20px;\"><p>Wir legen Wert auf gesunde, bek\u00f6mmliche und liebevoll zubereitete Mahlzeiten. Nach M\u00f6glichkeit verwenden wir Produkte von lokalen Anbieter*innen und kochen auch Original Engadiner Rezepte.<\/p>\n<\/div><div class=\"fusion-text fusion-text-2\"><p><span class=\"TextRun Highlight SCXW44405953 BCX0\" lang=\"DE-CH\" xml:lang=\"DE-CH\" data-contrast=\"none\"><span class=\"NormalTextRun SCXW44405953 BCX0\" data-ccp-parastyle=\"Normal (Web)\">Das Restaurant ist \u00f6ffentlich, eine Tischreservation dringend n\u00f6tig.\u00a0<\/span><\/span><\/p>\n<p><span class=\"EOP SCXW44405953 BCX0\" data-ccp-props=\"{\">T\u00e4glich stehen zwei Men\u00fcs zur Auswahl, eine Variante ist immer vegetarisch. F\u00fcr Allergiker passen wir das Kulinarik Men\u00fc selbstverst\u00e4ndlich entsprechend an.<\/span><\/p>\n<\/div><div class=\"fusion-text fusion-text-3\"><h2>Fr\u00fchst\u00fcck<\/h2>\n<p>Bei der Auswahl des Fr\u00fchst\u00fccks legen wir Wert auf Vielfalt, Qualit\u00e4t und lokale Zutaten. Unsere Brote sind von der nahe gelegenen B\u00e4ckerei Bad, St. Moritz und f\u00fcr alle M\u00fcesli-Fans, gibt es feine knusprige &#8220;familia M\u00fcesli&#8221; zur Auswahl.<\/p>\n<h2>Lunch und der kleine Hunger zwischendurch<\/h2>\n<p>Auf Wunsch und Vorreservation verk\u00f6stigen wir Sie auch gerne \u00fcber Mittag. In unserer \u00e0 la carte Speisekarte wird der Appetit schnell angeregt. Gerne bereiten wir f\u00fcr Sie auch Lunchpakete zum Mitnehmen vor.<\/p>\n<h2>Abendessen<\/h2>\n<p>Am Abend servieren wir Ihnen ein Drei-Gang-Nachtessen. Gerne beraten wir Sie auch bei der Wahl eines passenden Weines.<\/p>\n<h2>Fondue im Gartenh\u00e4uschen<\/h2>\n<p>Suchen Sie das ganz besondere Erlebnis zu zweit oder mit der Familie? Dann werden Sie unser Gartenh\u00e4uschen wie auch das Gletscher Fondue aus der Sennerei Pontresina lieben! Eine Heizung gibt es keine, daf\u00fcr spenden die kuschligen Schaffelle auf den St\u00fchlen f\u00fcr wohligen Komfort und als Dresscode empfiehlt sich eine extra Portion Wolle auf der eigenen Haut.<\/p>\n<\/div><\/div><\/div><div class=\"fusion-layout-column fusion_builder_column fusion-builder-column-1 fusion_builder_column_2_5 2_5 fusion-flex-column\" style=\"--awb-padding-top:45px;--awb-padding-right:45px;--awb-padding-bottom:32px;--awb-padding-left:45px;--awb-bg-color:#f0eeeb;--awb-bg-color-hover:#f0eeeb;--awb-bg-position:right bottom;--awb-bg-size:cover;--awb-border-color:#ebeef1;--awb-border-top:1px;--awb-border-right:1px;--awb-border-bottom:1px;--awb-border-left:1px;--awb-border-style:solid;--awb-width-large:40%;--awb-margin-top-large:0px;--awb-spacing-right-large:4.8%;--awb-margin-bottom-large:20px;--awb-spacing-left-large:3.84%;--awb-width-medium:40%;--awb-order-medium:0;--awb-spacing-right-medium:4.8%;--awb-spacing-left-medium:3.84%;--awb-width-small:100%;--awb-order-small:0;--awb-spacing-right-small:1.92%;--awb-spacing-left-small:1.92%;\"><div class=\"fusion-column-wrapper fusion-column-has-shadow fusion-flex-justify-content-flex-start fusion-content-layout-column\"><div class=\"fusion-title title fusion-title-2 fusion-title-center fusion-title-text fusion-title-size-two\" style=\"--awb-text-color:#9d9070;--awb-margin-bottom:10px;--awb-margin-top-small:0px;--awb-margin-right-small:0px;--awb-margin-bottom-small:0px;--awb-margin-left-small:0px;--awb-margin-bottom-medium:10px;--awb-font-size:13px;\"><div class=\"title-sep-container title-sep-container-left\"><div class=\"title-sep sep- sep-solid\" style=\"border-color:#e0dede;\"><\/div><\/div><span class=\"awb-title-spacer\"><\/span><h2 class=\"fusion-title-heading title-heading-center fusion-responsive-typography-calculated\" style=\"font-family:&quot;Questrial&quot;;font-style:normal;font-weight:400;margin:0;letter-spacing:4px;font-size:1em;--fontSize:13;--minFontSize:13;line-height:1.3;\">HOTEL CHESA SPUONDAS<\/h2><span class=\"awb-title-spacer\"><\/span><div class=\"title-sep-container title-sep-container-right\"><div class=\"title-sep sep- sep-solid\" style=\"border-color:#e0dede;\"><\/div><\/div><\/div><div class=\"fusion-title title fusion-title-3 fusion-title-center fusion-title-text fusion-title-size-three\" style=\"--awb-text-color:#9d9070;--awb-margin-bottom:35px;--awb-margin-top-small:0px;--awb-margin-right-small:0px;--awb-margin-bottom-small:35px;--awb-margin-left-small:0px;--awb-margin-bottom-medium:30px;--awb-font-size:46px;\"><div class=\"title-sep-container title-sep-container-left\"><div class=\"title-sep sep- sep-solid\" style=\"border-color:#e0dede;\"><\/div><\/div><span class=\"awb-title-spacer\"><\/span><h3 class=\"fusion-title-heading title-heading-center fusion-responsive-typography-calculated\" style=\"margin:0;font-size:1em;--fontSize:46;line-height:1.3;\">Book online<\/h3><span class=\"awb-title-spacer\"><\/span><div class=\"title-sep-container title-sep-container-right\"><div class=\"title-sep sep- sep-solid\" style=\"border-color:#e0dede;\"><\/div><\/div><\/div><div class=\"fusion-separator fusion-full-width-sep\" style=\"align-self: center;margin-left: auto;margin-right: auto;margin-top:0px;margin-bottom:30px;width:100%;\"><div class=\"fusion-separator-border sep-single sep-solid\" style=\"--awb-height:20px;--awb-amount:20px;--awb-sep-color:#9d9070;border-color:#9d9070;border-top-width:1px;\"><\/div><\/div><div class=\"fusion-separator fusion-full-width-sep\" style=\"align-self: center;margin-left: auto;margin-right: auto;margin-top:-20px;width:100%;\"><\/div><div class=\"wbe-quickstarter-container\"><\/div> <div class=\"fusion-title title fusion-title-4 fusion-title-text fusion-title-size-three\" style=\"--awb-text-color:#9d9070;--awb-margin-top:20px;--awb-margin-bottom:0px;--awb-margin-top-small:0px;--awb-margin-right-small:0px;--awb-margin-bottom-small:20px;--awb-margin-left-small:0px;\"><div class=\"title-sep-container title-sep-container-left fusion-no-large-visibility fusion-no-medium-visibility fusion-no-small-visibility\"><div class=\"title-sep sep- sep-solid\" style=\"border-color:#e0dede;\"><\/div><\/div><span class=\"awb-title-spacer fusion-no-large-visibility fusion-no-medium-visibility fusion-no-small-visibility\"><\/span><h3 class=\"fusion-title-heading title-heading-left fusion-responsive-typography-calculated\" style=\"margin:0;--fontSize:18;--minFontSize:18;line-height:1.3;\">Benefints &amp; m\u00f6gliche Zusatzleistungen<\/h3><span class=\"awb-title-spacer\"><\/span><div class=\"title-sep-container title-sep-container-right\"><div class=\"title-sep sep- sep-solid\" style=\"border-color:#e0dede;\"><\/div><\/div><\/div><ul style=\"--awb-size:14px;--awb-iconcolor:#9d9070;--awb-textcolor:#9d9070;--awb-line-height:23.8px;--awb-icon-width:23.8px;--awb-icon-height:23.8px;--awb-icon-margin:9.8px;--awb-content-margin:33.6px;\" class=\"fusion-checklist fusion-checklist-1 fusion-checklist-default type-icons nw-buchung-plugin-list\"><li class=\"fusion-li-item\" style=\"\"><span class=\"icon-wrapper circle-no\"><i class=\"fusion-li-icon awb-icon-check\" aria-hidden=\"true\"><\/i><\/span><div class=\"fusion-li-item-content\">\n<p>Im Winter (bei einem Aufenthalt ab 2 N\u00e4chten):<\/p>\n<ul>\n<li><strong>\u00d6V-Inkl.<\/strong> f\u00fcr die Region Engadin St. Moritz.<\/li>\n<li><strong>Hotelskipass f\u00fcr CHF 47 pro Person\/Tag.<\/strong><br \/>\nNur buchbar f\u00fcr die ganze Aufenthaltsdauer ab zwei N\u00e4chten. Zzgl. einmaliger Servicegeb\u00fchr von CHF 10 pro Skiticket.<\/li>\n<\/ul>\n<\/div><\/li><li class=\"fusion-li-item\" style=\"\"><span class=\"icon-wrapper circle-no\"><i class=\"fusion-li-icon awb-icon-check\" aria-hidden=\"true\"><\/i><\/span><div class=\"fusion-li-item-content\">\n<p>Im Sommer (bei einem Aufenthalt ab 2 N\u00e4chten):<\/p>\n<ul>\n<li><strong>Bergbahn inklusive.<\/strong> Kostenlose Benutzung aller offenen Sommerbergbahnen im Oberengadin.<\/li>\n<li><strong>\u00d6V-Inklusive.<\/strong> Freie Fahrt mit dem \u00f6ffentlichen Verkehr mit Bus und der Rh\u00e4tischen Bahn im gesamten Streckennetz des Oberengadins.<\/li>\n<li>\u00d6V-Inklusive <strong>+ Bergell.<\/strong> Zus\u00e4tzlich ist die Fahrt mit dem Postauto ins Bergell und bis nach Chiavenna (IT) inklusive.<\/li>\n<\/ul>\n<\/div><\/li><\/ul><\/div><\/div>\n<div class=\"fusion-layout-column fusion_builder_column fusion-builder-column-2 fusion_builder_column_1_1 1_1 fusion-flex-column fusion-flex-align-self-flex-start fusion-column-no-min-height\" style=\"--awb-bg-size:cover;--awb-width-large:100%;--awb-margin-top-large:0px;--awb-spacing-right-large:1.92%;--awb-margin-bottom-large:0px;--awb-spacing-left-large:1.92%;--awb-width-medium:100%;--awb-spacing-right-medium:1.92%;--awb-spacing-left-medium:1.92%;--awb-width-small:100%;--awb-spacing-right-small:1.92%;--awb-spacing-left-small:1.92%;\"><div class=\"fusion-column-wrapper fusion-flex-justify-content-flex-start fusion-content-layout-column\"><div class=\"fusion-separator fusion-full-width-sep\" style=\"align-self: center;margin-left: auto;margin-right: auto;margin-top:13px;margin-bottom:13px;width:100%;\"><\/div><\/div><\/div><div class=\"fusion-layout-column fusion_builder_column fusion-builder-column-3 fusion_builder_column_1_3 1_3 fusion-flex-column\" style=\"--awb-bg-size:cover;--awb-width-large:33.333333333333%;--awb-margin-top-large:0px;--awb-spacing-right-large:5.76%;--awb-margin-bottom-large:20px;--awb-spacing-left-large:5.76%;--awb-width-medium:33.333333333333%;--awb-spacing-right-medium:5.76%;--awb-spacing-left-medium:5.76%;--awb-width-small:100%;--awb-spacing-right-small:1.92%;--awb-spacing-left-small:1.92%;\"><div class=\"fusion-column-wrapper fusion-flex-justify-content-flex-start fusion-content-layout-column\"><div class=\"fusion-image-element \" style=\"--awb-liftup-border-radius:0px;--awb-caption-title-font-family:var(--h2_typography-font-family);--awb-caption-title-font-weight:var(--h2_typography-font-weight);--awb-caption-title-font-style:var(--h2_typography-font-style);--awb-caption-title-size:var(--h2_typography-font-size);--awb-caption-title-transform:var(--h2_typography-text-transform);--awb-caption-title-line-height:var(--h2_typography-line-height);--awb-caption-title-letter-spacing:var(--h2_typography-letter-spacing);\"><div class=\"awb-image-frame awb-image-frame-1 imageframe-liftup\"><span class=\" fusion-imageframe imageframe-none imageframe-1\"><a href=\"https:\/\/www.chesaspuondas.ch\/wp-content\/uploads\/2021\/01\/Salon_Fenstertisch-300x200.jpg\" class=\"fusion-lightbox\" data-rel=\"iLightbox[deluxe]\" data-caption=\"Abendservice-im-Salon\" data-title=\"Salon_Fenstertisch\" title=\"Salon_Fenstertisch\"><img decoding=\"async\" width=\"300\" height=\"200\" alt=\"Abendservice im Salon\" src=\"https:\/\/www.chesaspuondas.ch\/wp-content\/uploads\/2021\/01\/Salon_Fenstertisch-scaled.jpg\" data-orig-src=\"https:\/\/www.chesaspuondas.ch\/wp-content\/uploads\/2021\/01\/Salon_Fenstertisch-300x200.jpg\" class=\"lazyload img-responsive wp-image-10402\" srcset=\"data:image\/svg+xml,%3Csvg%20xmlns%3D%27http%3A%2F%2Fwww.w3.org%2F2000%2Fsvg%27%20width%3D%272560%27%20height%3D%271708%27%20viewBox%3D%270%200%202560%201708%27%3E%3Crect%20width%3D%272560%27%20height%3D%271708%27%20fill-opacity%3D%220%22%2F%3E%3C%2Fsvg%3E\" data-srcset=\"https:\/\/www.chesaspuondas.ch\/wp-content\/uploads\/2021\/01\/Salon_Fenstertisch-200x133.jpg 200w, https:\/\/www.chesaspuondas.ch\/wp-content\/uploads\/2021\/01\/Salon_Fenstertisch-400x267.jpg 400w, https:\/\/www.chesaspuondas.ch\/wp-content\/uploads\/2021\/01\/Salon_Fenstertisch-600x400.jpg 600w, https:\/\/www.chesaspuondas.ch\/wp-content\/uploads\/2021\/01\/Salon_Fenstertisch-800x534.jpg 800w, https:\/\/www.chesaspuondas.ch\/wp-content\/uploads\/2021\/01\/Salon_Fenstertisch-1200x801.jpg 1200w\" data-sizes=\"auto\" data-orig-sizes=\"(max-width: 1024px) 100vw, (max-width: 640px) 100vw, 400px\" \/><\/a><\/span><\/div><\/div><\/div><\/div><div class=\"fusion-layout-column fusion_builder_column fusion-builder-column-4 fusion_builder_column_1_3 1_3 fusion-flex-column\" style=\"--awb-bg-size:cover;--awb-width-large:33.333333333333%;--awb-margin-top-large:0px;--awb-spacing-right-large:5.76%;--awb-margin-bottom-large:20px;--awb-spacing-left-large:5.76%;--awb-width-medium:33.333333333333%;--awb-spacing-right-medium:5.76%;--awb-spacing-left-medium:5.76%;--awb-width-small:100%;--awb-spacing-right-small:1.92%;--awb-spacing-left-small:1.92%;\"><div class=\"fusion-column-wrapper fusion-flex-justify-content-flex-start fusion-content-layout-column\"><div class=\"fusion-image-element \" style=\"--awb-liftup-border-radius:0px;--awb-caption-title-font-family:var(--h2_typography-font-family);--awb-caption-title-font-weight:var(--h2_typography-font-weight);--awb-caption-title-font-style:var(--h2_typography-font-style);--awb-caption-title-size:var(--h2_typography-font-size);--awb-caption-title-transform:var(--h2_typography-text-transform);--awb-caption-title-line-height:var(--h2_typography-line-height);--awb-caption-title-letter-spacing:var(--h2_typography-letter-spacing);\"><div class=\"awb-image-frame awb-image-frame-2 imageframe-liftup\"><span class=\" fusion-imageframe imageframe-none imageframe-2\"><a href=\"https:\/\/www.chesaspuondas.ch\/wp-content\/uploads\/2021\/01\/Veranda-300x200.jpg\" class=\"fusion-lightbox\" data-rel=\"iLightbox[deluxe]\" data-caption=\"Veranda, Fr\u00fchst\u00fcck und Abendessen\" data-title=\"Veranda\" title=\"Veranda\"><img decoding=\"async\" width=\"300\" height=\"200\" alt=\"Veranda, Fr\u00fchst\u00fcck und Abendessen\" src=\"https:\/\/www.chesaspuondas.ch\/wp-content\/uploads\/2021\/01\/Veranda-scaled.jpg\" data-orig-src=\"https:\/\/www.chesaspuondas.ch\/wp-content\/uploads\/2021\/01\/Veranda-300x200.jpg\" class=\"lazyload img-responsive wp-image-10400\" srcset=\"data:image\/svg+xml,%3Csvg%20xmlns%3D%27http%3A%2F%2Fwww.w3.org%2F2000%2Fsvg%27%20width%3D%272560%27%20height%3D%271707%27%20viewBox%3D%270%200%202560%201707%27%3E%3Crect%20width%3D%272560%27%20height%3D%271707%27%20fill-opacity%3D%220%22%2F%3E%3C%2Fsvg%3E\" data-srcset=\"https:\/\/www.chesaspuondas.ch\/wp-content\/uploads\/2021\/01\/Veranda-200x133.jpg 200w, https:\/\/www.chesaspuondas.ch\/wp-content\/uploads\/2021\/01\/Veranda-400x267.jpg 400w, https:\/\/www.chesaspuondas.ch\/wp-content\/uploads\/2021\/01\/Veranda-600x400.jpg 600w, https:\/\/www.chesaspuondas.ch\/wp-content\/uploads\/2021\/01\/Veranda-800x534.jpg 800w, https:\/\/www.chesaspuondas.ch\/wp-content\/uploads\/2021\/01\/Veranda-1200x800.jpg 1200w\" data-sizes=\"auto\" data-orig-sizes=\"(max-width: 1024px) 100vw, (max-width: 640px) 100vw, 400px\" \/><\/a><\/span><\/div><\/div><\/div><\/div><div class=\"fusion-layout-column fusion_builder_column fusion-builder-column-5 fusion_builder_column_1_3 1_3 fusion-flex-column\" style=\"--awb-bg-size:cover;--awb-width-large:33.333333333333%;--awb-margin-top-large:0px;--awb-spacing-right-large:5.76%;--awb-margin-bottom-large:20px;--awb-spacing-left-large:5.76%;--awb-width-medium:33.333333333333%;--awb-spacing-right-medium:5.76%;--awb-spacing-left-medium:5.76%;--awb-width-small:100%;--awb-spacing-right-small:1.92%;--awb-spacing-left-small:1.92%;\"><div class=\"fusion-column-wrapper fusion-flex-justify-content-flex-start fusion-content-layout-column\"><div class=\"fusion-image-element \" style=\"--awb-caption-title-font-family:var(--h2_typography-font-family);--awb-caption-title-font-weight:var(--h2_typography-font-weight);--awb-caption-title-font-style:var(--h2_typography-font-style);--awb-caption-title-size:var(--h2_typography-font-size);--awb-caption-title-transform:var(--h2_typography-text-transform);--awb-caption-title-line-height:var(--h2_typography-line-height);--awb-caption-title-letter-spacing:var(--h2_typography-letter-spacing);\"><span class=\" fusion-imageframe imageframe-none imageframe-3 hover-type-none\"><a href=\"https:\/\/www.chesaspuondas.ch\/wp-content\/uploads\/2024\/10\/Salon_Tisch_Detail_Favorit-300x200.jpg\" class=\"fusion-lightbox\" data-rel=\"iLightbox[deluxe]\" data-title=\"Salon_Tisch_Detail_Favorit\" title=\"Salon_Tisch_Detail_Favorit\"><img decoding=\"async\" width=\"300\" height=\"200\" src=\"https:\/\/www.chesaspuondas.ch\/wp-content\/uploads\/2024\/10\/Salon_Tisch_Detail_Favorit-scaled.jpg\" data-orig-src=\"https:\/\/www.chesaspuondas.ch\/wp-content\/uploads\/2024\/10\/Salon_Tisch_Detail_Favorit-300x200.jpg\" alt class=\"lazyload img-responsive wp-image-10405\" srcset=\"data:image\/svg+xml,%3Csvg%20xmlns%3D%27http%3A%2F%2Fwww.w3.org%2F2000%2Fsvg%27%20width%3D%272560%27%20height%3D%271707%27%20viewBox%3D%270%200%202560%201707%27%3E%3Crect%20width%3D%272560%27%20height%3D%271707%27%20fill-opacity%3D%220%22%2F%3E%3C%2Fsvg%3E\" data-srcset=\"https:\/\/www.chesaspuondas.ch\/wp-content\/uploads\/2024\/10\/Salon_Tisch_Detail_Favorit-200x133.jpg 200w, https:\/\/www.chesaspuondas.ch\/wp-content\/uploads\/2024\/10\/Salon_Tisch_Detail_Favorit-400x267.jpg 400w, https:\/\/www.chesaspuondas.ch\/wp-content\/uploads\/2024\/10\/Salon_Tisch_Detail_Favorit-600x400.jpg 600w, https:\/\/www.chesaspuondas.ch\/wp-content\/uploads\/2024\/10\/Salon_Tisch_Detail_Favorit-800x534.jpg 800w, https:\/\/www.chesaspuondas.ch\/wp-content\/uploads\/2024\/10\/Salon_Tisch_Detail_Favorit-1200x800.jpg 1200w\" data-sizes=\"auto\" data-orig-sizes=\"(max-width: 1024px) 100vw, (max-width: 640px) 100vw, 400px\" \/><\/a><\/span><\/div><\/div><\/div><\/div><\/div>\n","protected":false},"excerpt":{"rendered":"","protected":false},"author":1,"featured_media":0,"parent":0,"menu_order":4,"comment_status":"closed","ping_status":"closed","template":"100-width.php","meta":{"_acf_changed":false,"footnotes":""},"class_list":["post-10667","page","type-page","status-publish","hentry"],"acf":[],"yoast_head":"<!-- This site is optimized with the Yoast SEO Premium plugin v27.1 (Yoast SEO v27.5) - https:\/\/yoast.com\/product\/yoast-seo-premium-wordpress\/ -->\n<title>Kulinarik - Hotel Chesa Spuondas<\/title>\n<meta name=\"description\" content=\"Kulinarik Restaurant im Chesa Spuondas, welches f\u00fcr Hotelg\u00e4ste reserviert ist. Das Restaurant bietet Fr\u00fchst\u00fcck und Abendessen.\" \/>\n<meta name=\"robots\" content=\"index, follow, max-snippet:-1, max-image-preview:large, max-video-preview:-1\" \/>\n<link rel=\"canonical\" href=\"https:\/\/www.chesaspuondas.ch\/en\/kulinarik\/\" \/>\n<meta property=\"og:locale\" content=\"en_US\" \/>\n<meta property=\"og:type\" content=\"article\" \/>\n<meta property=\"og:title\" content=\"Kulinarik\" \/>\n<meta property=\"og:description\" content=\"Kulinarik Restaurant im Chesa Spuondas, welches f\u00fcr Hotelg\u00e4ste reserviert ist. Das Restaurant bietet Fr\u00fchst\u00fcck und Abendessen.\" \/>\n<meta property=\"og:url\" content=\"https:\/\/www.chesaspuondas.ch\/en\/kulinarik\/\" \/>\n<meta property=\"og:site_name\" content=\"Hotel Chesa Spuondas\" \/>\n<meta property=\"article:publisher\" content=\"https:\/\/www.facebook.com\/chesaspuondashotel\" \/>\n<meta name=\"twitter:card\" content=\"summary_large_image\" \/>\n<script type=\"application\/ld+json\" class=\"yoast-schema-graph\">{\"@context\":\"https:\\\/\\\/schema.org\",\"@graph\":[{\"@type\":\"WebPage\",\"@id\":\"https:\\\/\\\/www.chesaspuondas.ch\\\/en\\\/kulinarik\\\/\",\"url\":\"https:\\\/\\\/www.chesaspuondas.ch\\\/en\\\/kulinarik\\\/\",\"name\":\"Kulinarik - Hotel Chesa Spuondas\",\"isPartOf\":{\"@id\":\"https:\\\/\\\/www.chesaspuondas.ch\\\/#website\"},\"datePublished\":\"2025-10-24T07:03:18+00:00\",\"description\":\"Kulinarik Restaurant im Chesa Spuondas, welches f\u00fcr Hotelg\u00e4ste reserviert ist. Das Restaurant bietet Fr\u00fchst\u00fcck und Abendessen.\",\"breadcrumb\":{\"@id\":\"https:\\\/\\\/www.chesaspuondas.ch\\\/en\\\/kulinarik\\\/#breadcrumb\"},\"inLanguage\":\"en-US\",\"potentialAction\":[{\"@type\":\"ReadAction\",\"target\":[\"https:\\\/\\\/www.chesaspuondas.ch\\\/en\\\/kulinarik\\\/\"]}]},{\"@type\":\"BreadcrumbList\",\"@id\":\"https:\\\/\\\/www.chesaspuondas.ch\\\/en\\\/kulinarik\\\/#breadcrumb\",\"itemListElement\":[{\"@type\":\"ListItem\",\"position\":1,\"name\":\"Startseite\",\"item\":\"https:\\\/\\\/www.chesaspuondas.ch\\\/en\\\/\"},{\"@type\":\"ListItem\",\"position\":2,\"name\":\"Kulinarik\"}]},{\"@type\":\"WebSite\",\"@id\":\"https:\\\/\\\/www.chesaspuondas.ch\\\/#website\",\"url\":\"https:\\\/\\\/www.chesaspuondas.ch\\\/\",\"name\":\"Hotel Chesa Spuondas\",\"description\":\"So unkompliziert wie bei Freunden \u2013 so bequem wie im Hotel\",\"potentialAction\":[{\"@type\":\"SearchAction\",\"target\":{\"@type\":\"EntryPoint\",\"urlTemplate\":\"https:\\\/\\\/www.chesaspuondas.ch\\\/?s={search_term_string}\"},\"query-input\":{\"@type\":\"PropertyValueSpecification\",\"valueRequired\":true,\"valueName\":\"search_term_string\"}}],\"inLanguage\":\"en-US\"}]}<\/script>\n<!-- \/ Yoast SEO Premium plugin. -->","yoast_head_json":{"title":"Kulinarik - Hotel Chesa Spuondas","description":"Kulinarik Restaurant im Chesa Spuondas, welches f\u00fcr Hotelg\u00e4ste reserviert ist. Das Restaurant bietet Fr\u00fchst\u00fcck und Abendessen.","robots":{"index":"index","follow":"follow","max-snippet":"max-snippet:-1","max-image-preview":"max-image-preview:large","max-video-preview":"max-video-preview:-1"},"canonical":"https:\/\/www.chesaspuondas.ch\/en\/kulinarik\/","og_locale":"en_US","og_type":"article","og_title":"Kulinarik","og_description":"Kulinarik Restaurant im Chesa Spuondas, welches f\u00fcr Hotelg\u00e4ste reserviert ist. Das Restaurant bietet Fr\u00fchst\u00fcck und Abendessen.","og_url":"https:\/\/www.chesaspuondas.ch\/en\/kulinarik\/","og_site_name":"Hotel Chesa Spuondas","article_publisher":"https:\/\/www.facebook.com\/chesaspuondashotel","twitter_card":"summary_large_image","schema":{"@context":"https:\/\/schema.org","@graph":[{"@type":"WebPage","@id":"https:\/\/www.chesaspuondas.ch\/en\/kulinarik\/","url":"https:\/\/www.chesaspuondas.ch\/en\/kulinarik\/","name":"Kulinarik - Hotel Chesa Spuondas","isPartOf":{"@id":"https:\/\/www.chesaspuondas.ch\/#website"},"datePublished":"2025-10-24T07:03:18+00:00","description":"Kulinarik Restaurant im Chesa Spuondas, welches f\u00fcr Hotelg\u00e4ste reserviert ist. Das Restaurant bietet Fr\u00fchst\u00fcck und Abendessen.","breadcrumb":{"@id":"https:\/\/www.chesaspuondas.ch\/en\/kulinarik\/#breadcrumb"},"inLanguage":"en-US","potentialAction":[{"@type":"ReadAction","target":["https:\/\/www.chesaspuondas.ch\/en\/kulinarik\/"]}]},{"@type":"BreadcrumbList","@id":"https:\/\/www.chesaspuondas.ch\/en\/kulinarik\/#breadcrumb","itemListElement":[{"@type":"ListItem","position":1,"name":"Startseite","item":"https:\/\/www.chesaspuondas.ch\/en\/"},{"@type":"ListItem","position":2,"name":"Kulinarik"}]},{"@type":"WebSite","@id":"https:\/\/www.chesaspuondas.ch\/#website","url":"https:\/\/www.chesaspuondas.ch\/","name":"Hotel Chesa Spuondas","description":"So unkompliziert wie bei Freunden \u2013 so bequem wie im Hotel","potentialAction":[{"@type":"SearchAction","target":{"@type":"EntryPoint","urlTemplate":"https:\/\/www.chesaspuondas.ch\/?s={search_term_string}"},"query-input":{"@type":"PropertyValueSpecification","valueRequired":true,"valueName":"search_term_string"}}],"inLanguage":"en-US"}]}},"_links":{"self":[{"href":"https:\/\/www.chesaspuondas.ch\/en\/wp-json\/wp\/v2\/pages\/10667","targetHints":{"allow":["GET"]}}],"collection":[{"href":"https:\/\/www.chesaspuondas.ch\/en\/wp-json\/wp\/v2\/pages"}],"about":[{"href":"https:\/\/www.chesaspuondas.ch\/en\/wp-json\/wp\/v2\/types\/page"}],"author":[{"embeddable":true,"href":"https:\/\/www.chesaspuondas.ch\/en\/wp-json\/wp\/v2\/users\/1"}],"replies":[{"embeddable":true,"href":"https:\/\/www.chesaspuondas.ch\/en\/wp-json\/wp\/v2\/comments?post=10667"}],"version-history":[{"count":1,"href":"https:\/\/www.chesaspuondas.ch\/en\/wp-json\/wp\/v2\/pages\/10667\/revisions"}],"predecessor-version":[{"id":10668,"href":"https:\/\/www.chesaspuondas.ch\/en\/wp-json\/wp\/v2\/pages\/10667\/revisions\/10668"}],"wp:attachment":[{"href":"https:\/\/www.chesaspuondas.ch\/en\/wp-json\/wp\/v2\/media?parent=10667"}],"curies":[{"name":"wp","href":"https:\/\/api.w.org\/{rel}","templated":true}]}}