{"id":5901,"date":"2021-04-08T12:35:49","date_gmt":"2021-04-08T12:35:49","guid":{"rendered":"https:\/\/dev-chesa.projuventute.ch\/cancellation-policy\/"},"modified":"2024-07-07T09:17:08","modified_gmt":"2024-07-07T07:17:08","slug":"cancellation-policy","status":"publish","type":"page","link":"https:\/\/www.chesaspuondas.ch\/en\/cancellation-policy\/","title":{"rendered":"Cancellation policy"},"content":{"rendered":"<p><div class=\"fusion-fullwidth fullwidth-box fusion-builder-row-1 fusion-flex-container nonhundred-percent-fullwidth non-hundred-percent-height-scrolling\" style=\"--awb-background-position:left top;--awb-border-sizes-top:0px;--awb-border-sizes-bottom:0px;--awb-border-sizes-left:0px;--awb-border-sizes-right:0px;--awb-border-radius-top-left:0px;--awb-border-radius-top-right:0px;--awb-border-radius-bottom-right:0px;--awb-border-radius-bottom-left:0px;--awb-padding-top:0px;--awb-padding-bottom:95px;--awb-padding-bottom-medium:60px;--awb-padding-bottom-small:72px;--awb-flex-wrap:wrap;\" ><div class=\"fusion-builder-row fusion-row fusion-flex-align-items-flex-start fusion-flex-content-wrap\" style=\"max-width:1216.8px;margin-left: calc(-4% \/ 2 );margin-right: calc(-4% \/ 2 );\"><div class=\"fusion-layout-column fusion_builder_column fusion-builder-column-0 fusion_builder_column_3_5 3_5 fusion-flex-column\" style=\"--awb-bg-position:right bottom;--awb-bg-size:cover;--awb-width-large:60%;--awb-margin-top-large:0px;--awb-spacing-right-large:3.84%;--awb-margin-bottom-large:20px;--awb-spacing-left-large:3.2%;--awb-width-medium:60%;--awb-order-medium:0;--awb-spacing-right-medium:3.84%;--awb-spacing-left-medium:3.2%;--awb-width-small:100%;--awb-order-small:0;--awb-spacing-right-small:1.92%;--awb-spacing-left-small:1.92%;\"><div class=\"fusion-column-wrapper fusion-column-has-shadow fusion-flex-justify-content-flex-start fusion-content-layout-column\"><div class=\"fusion-title title fusion-title-1 fusion-title-text fusion-title-size-one\" style=\"--awb-margin-top-small:0px;--awb-margin-right-small:0px;--awb-margin-bottom-small:20px;--awb-margin-left-small:0px;--awb-font-size:46px;\"><div class=\"title-sep-container title-sep-container-left fusion-no-large-visibility fusion-no-medium-visibility fusion-no-small-visibility\"><div class=\"title-sep sep- sep-solid\" style=\"border-color:#e0dede;\"><\/div><\/div><span class=\"awb-title-spacer fusion-no-large-visibility fusion-no-medium-visibility fusion-no-small-visibility\"><\/span><h1 class=\"fusion-title-heading title-heading-left fusion-responsive-typography-calculated\" style=\"margin:0;font-size:1em;--fontSize:46;line-height:1.5;\">Cancellation policy<\/h1><span class=\"awb-title-spacer\"><\/span><div class=\"title-sep-container title-sep-container-right\"><div class=\"title-sep sep- sep-solid\" style=\"border-color:#e0dede;\"><\/div><\/div><\/div><div class=\"fusion-separator\" style=\"align-self: flex-start;margin-right:auto;margin-top:0px;margin-bottom:20px;width:100%;max-width:50px;\"><div class=\"fusion-separator-border sep-single sep-solid\" style=\"--awb-height:20px;--awb-amount:20px;--awb-sep-color:#9d9070;border-color:#9d9070;border-top-width:1px;\"><\/div><\/div><div class=\"fusion-text fusion-text-1\" style=\"--awb-font-size:20px;\"><p>SUMMER<\/p>\n<ul>\n<li>Cancellations up to 7 days before arrival are free of charge.<\/li>\n<li>For cancellations within 6 days prior to arrival, we charge 50 percent of the booked services per room.<\/li>\n<li>Early departure and\/or late arrival will be treated as a &#8220;no show&#8221; and charged unless the reservation is changed 7 days in advance.<\/li>\n<\/ul>\n<p>WINTER<\/p>\n<ul>\n<li>Cancellations up to 14 days before departure are free of charge. Cancellation of the reservation is possible by telephone or e-mail directly to our hotel.<\/li>\n<li>For cancellations within 14 to 7 days before arrival, we charge 1 night per room, room\/breakfast as basis rate.<\/li>\n<li>In case of cancellation 6 days or less prior to arrival, we charge for the actual nights booked up to a maximum of 3 nights per room, room\/breakfast as basis rate.<\/li>\n<li>Early departure and\/or later arrival will be treated as a &#8220;no show&#8221; and charged, unless the reservation is changed 15 days in advance.<\/li>\n<li>Exceptions to this are cancellation conditions specifically listed in our written confirmations.<\/li>\n<\/ul>\n<\/div><div class=\"fusion-separator fusion-full-width-sep\" style=\"align-self: center;margin-left: auto;margin-right: auto;margin-top:13px;margin-bottom:13px;width:100%;\"><\/div><\/div><\/div><div class=\"fusion-layout-column fusion_builder_column fusion-builder-column-1 fusion_builder_column_2_5 2_5 fusion-flex-column\" style=\"--awb-padding-top:45px;--awb-padding-right:45px;--awb-padding-bottom:32px;--awb-padding-left:45px;--awb-bg-color:#f0eeeb;--awb-bg-color-hover:#f0eeeb;--awb-bg-position:right bottom;--awb-bg-size:cover;--awb-border-color:#ebeef1;--awb-border-top:1px;--awb-border-right:1px;--awb-border-bottom:1px;--awb-border-left:1px;--awb-border-style:solid;--awb-width-large:40%;--awb-margin-top-large:0px;--awb-spacing-right-large:4.8%;--awb-margin-bottom-large:20px;--awb-spacing-left-large:3.84%;--awb-width-medium:40%;--awb-order-medium:0;--awb-spacing-right-medium:4.8%;--awb-spacing-left-medium:3.84%;--awb-width-small:100%;--awb-order-small:0;--awb-spacing-right-small:1.92%;--awb-spacing-left-small:1.92%;\"><div class=\"fusion-column-wrapper fusion-column-has-shadow fusion-flex-justify-content-flex-start fusion-content-layout-column\"><div class=\"fusion-title title fusion-title-2 fusion-title-center fusion-title-text fusion-title-size-two\" style=\"--awb-text-color:#9d9070;--awb-margin-bottom:10px;--awb-margin-top-small:0px;--awb-margin-right-small:0px;--awb-margin-bottom-small:0px;--awb-margin-left-small:0px;--awb-margin-bottom-medium:10px;--awb-font-size:13px;\"><div class=\"title-sep-container title-sep-container-left\"><div class=\"title-sep sep- sep-solid\" style=\"border-color:#e0dede;\"><\/div><\/div><span class=\"awb-title-spacer\"><\/span><h2 class=\"fusion-title-heading title-heading-center fusion-responsive-typography-calculated\" style=\"font-family:&quot;Questrial&quot;;font-style:normal;font-weight:400;margin:0;letter-spacing:4px;font-size:1em;--fontSize:13;--minFontSize:13;line-height:1.3;\">HOTEL CHESA SPUONDAS<\/h2><span class=\"awb-title-spacer\"><\/span><div class=\"title-sep-container title-sep-container-right\"><div class=\"title-sep sep- sep-solid\" style=\"border-color:#e0dede;\"><\/div><\/div><\/div><div class=\"fusion-title title fusion-title-3 fusion-title-center fusion-title-text fusion-title-size-three\" style=\"--awb-text-color:#9d9070;--awb-margin-bottom:35px;--awb-margin-top-small:0px;--awb-margin-right-small:0px;--awb-margin-bottom-small:35px;--awb-margin-left-small:0px;--awb-margin-bottom-medium:30px;--awb-font-size:46px;\"><div class=\"title-sep-container title-sep-container-left\"><div class=\"title-sep sep- sep-solid\" style=\"border-color:#e0dede;\"><\/div><\/div><span class=\"awb-title-spacer\"><\/span><h3 class=\"fusion-title-heading title-heading-center fusion-responsive-typography-calculated\" style=\"margin:0;font-size:1em;--fontSize:46;line-height:1.3;\">Book online<\/h3><span class=\"awb-title-spacer\"><\/span><div class=\"title-sep-container title-sep-container-right\"><div class=\"title-sep sep- sep-solid\" style=\"border-color:#e0dede;\"><\/div><\/div><\/div><div class=\"fusion-separator fusion-full-width-sep\" style=\"align-self: center;margin-left: auto;margin-right: auto;margin-top:0px;margin-bottom:30px;width:100%;\"><div class=\"fusion-separator-border sep-single sep-solid\" style=\"--awb-height:20px;--awb-amount:20px;--awb-sep-color:#9d9070;border-color:#9d9070;border-top-width:1px;\"><\/div><\/div><div class=\"fusion-separator fusion-full-width-sep\" style=\"align-self: center;margin-left: auto;margin-right: auto;margin-top:-20px;width:100%;\"><\/div><div class=\"wbe-quickstarter-container\"><\/div> <div class=\"fusion-title title fusion-title-4 fusion-title-text fusion-title-size-three\" style=\"--awb-text-color:#9d9070;--awb-margin-top:20px;--awb-margin-bottom:0px;--awb-margin-top-small:0px;--awb-margin-right-small:0px;--awb-margin-bottom-small:20px;--awb-margin-left-small:0px;\"><div class=\"title-sep-container title-sep-container-left fusion-no-large-visibility fusion-no-medium-visibility fusion-no-small-visibility\"><div class=\"title-sep sep- sep-solid\" style=\"border-color:#e0dede;\"><\/div><\/div><span class=\"awb-title-spacer fusion-no-large-visibility fusion-no-medium-visibility fusion-no-small-visibility\"><\/span><h3 class=\"fusion-title-heading title-heading-left fusion-responsive-typography-calculated\" style=\"margin:0;--fontSize:18;--minFontSize:18;line-height:1.3;\">Benefints &amp; m\u00f6gliche Zusatzleistungen<\/h3><span class=\"awb-title-spacer\"><\/span><div class=\"title-sep-container title-sep-container-right\"><div class=\"title-sep sep- sep-solid\" style=\"border-color:#e0dede;\"><\/div><\/div><\/div><ul style=\"--awb-size:14px;--awb-iconcolor:#9d9070;--awb-textcolor:#9d9070;--awb-line-height:23.8px;--awb-icon-width:23.8px;--awb-icon-height:23.8px;--awb-icon-margin:9.8px;--awb-content-margin:33.6px;\" class=\"fusion-checklist fusion-checklist-1 fusion-checklist-default type-icons nw-buchung-plugin-list\"><li class=\"fusion-li-item\" style=\"\"><span class=\"icon-wrapper circle-no\"><i class=\"fusion-li-icon awb-icon-check\" aria-hidden=\"true\"><\/i><\/span><div class=\"fusion-li-item-content\">\n<p>Im Winter (bei einem Aufenthalt ab 2 N\u00e4chten):<\/p>\n<ul>\n<li><strong>\u00d6V-Inkl.<\/strong> f\u00fcr die Region Engadin St. Moritz.<\/li>\n<li><strong>Hotelskipass f\u00fcr CHF 47 pro Person\/Tag.<\/strong><br \/>\nNur buchbar f\u00fcr die ganze Aufenthaltsdauer ab zwei N\u00e4chten. Zzgl. einmaliger Servicegeb\u00fchr von CHF 10 pro Skiticket.<\/li>\n<\/ul>\n<\/div><\/li><li class=\"fusion-li-item\" style=\"\"><span class=\"icon-wrapper circle-no\"><i class=\"fusion-li-icon awb-icon-check\" aria-hidden=\"true\"><\/i><\/span><div class=\"fusion-li-item-content\">\n<p>Im Sommer (bei einem Aufenthalt ab 2 N\u00e4chten):<\/p>\n<ul>\n<li><strong>Bergbahn inklusive.<\/strong> Kostenlose Benutzung aller offenen Sommerbergbahnen im Oberengadin.<\/li>\n<li><strong>\u00d6V-Inklusive.<\/strong> Freie Fahrt mit dem \u00f6ffentlichen Verkehr mit Bus und der Rh\u00e4tischen Bahn im gesamten Streckennetz des Oberengadins.<\/li>\n<li>\u00d6V-Inklusive <strong>+ Bergell.<\/strong> Zus\u00e4tzlich ist die Fahrt mit dem Postauto ins Bergell und bis nach Chiavenna (IT) inklusive.<\/li>\n<\/ul>\n<\/div><\/li><\/ul><\/div><\/div>\n<\/div><\/div><\/li>\n<\/ul>\n","protected":false},"excerpt":{"rendered":"","protected":false},"author":16,"featured_media":0,"parent":0,"menu_order":0,"comment_status":"closed","ping_status":"closed","template":"100-width.php","meta":{"_acf_changed":false,"footnotes":""},"class_list":["post-5901","page","type-page","status-publish","hentry"],"acf":[],"yoast_head":"<!-- This site is optimized with the Yoast SEO Premium plugin v27.1 (Yoast SEO v27.5) - https:\/\/yoast.com\/product\/yoast-seo-premium-wordpress\/ -->\n<title>Cancellation policy - Hotel Chesa Spuondas<\/title>\n<meta name=\"robots\" content=\"index, follow, max-snippet:-1, max-image-preview:large, max-video-preview:-1\" \/>\n<link rel=\"canonical\" href=\"https:\/\/www.chesaspuondas.ch\/en\/cancellation-policy\/\" \/>\n<meta property=\"og:locale\" content=\"en_US\" \/>\n<meta property=\"og:type\" content=\"article\" \/>\n<meta property=\"og:title\" content=\"Cancellation policy\" \/>\n<meta property=\"og:url\" content=\"https:\/\/www.chesaspuondas.ch\/en\/cancellation-policy\/\" \/>\n<meta property=\"og:site_name\" content=\"Hotel Chesa Spuondas\" \/>\n<meta property=\"article:publisher\" content=\"https:\/\/www.facebook.com\/chesaspuondashotel\" \/>\n<meta property=\"article:modified_time\" content=\"2024-07-07T07:17:08+00:00\" \/>\n<meta name=\"twitter:card\" content=\"summary_large_image\" \/>\n<script type=\"application\/ld+json\" class=\"yoast-schema-graph\">{\"@context\":\"https:\\\/\\\/schema.org\",\"@graph\":[{\"@type\":\"WebPage\",\"@id\":\"https:\\\/\\\/www.chesaspuondas.ch\\\/en\\\/cancellation-policy\\\/\",\"url\":\"https:\\\/\\\/www.chesaspuondas.ch\\\/en\\\/cancellation-policy\\\/\",\"name\":\"Cancellation policy - Hotel Chesa Spuondas\",\"isPartOf\":{\"@id\":\"https:\\\/\\\/www.chesaspuondas.ch\\\/#website\"},\"datePublished\":\"2021-04-08T12:35:49+00:00\",\"dateModified\":\"2024-07-07T07:17:08+00:00\",\"breadcrumb\":{\"@id\":\"https:\\\/\\\/www.chesaspuondas.ch\\\/en\\\/cancellation-policy\\\/#breadcrumb\"},\"inLanguage\":\"en-US\",\"potentialAction\":[{\"@type\":\"ReadAction\",\"target\":[\"https:\\\/\\\/www.chesaspuondas.ch\\\/en\\\/cancellation-policy\\\/\"]}]},{\"@type\":\"BreadcrumbList\",\"@id\":\"https:\\\/\\\/www.chesaspuondas.ch\\\/en\\\/cancellation-policy\\\/#breadcrumb\",\"itemListElement\":[{\"@type\":\"ListItem\",\"position\":1,\"name\":\"Startseite\",\"item\":\"https:\\\/\\\/www.chesaspuondas.ch\\\/en\\\/\"},{\"@type\":\"ListItem\",\"position\":2,\"name\":\"Cancellation policy\"}]},{\"@type\":\"WebSite\",\"@id\":\"https:\\\/\\\/www.chesaspuondas.ch\\\/#website\",\"url\":\"https:\\\/\\\/www.chesaspuondas.ch\\\/\",\"name\":\"Hotel Chesa Spuondas\",\"description\":\"So unkompliziert wie bei Freunden \u2013 so bequem wie im Hotel\",\"potentialAction\":[{\"@type\":\"SearchAction\",\"target\":{\"@type\":\"EntryPoint\",\"urlTemplate\":\"https:\\\/\\\/www.chesaspuondas.ch\\\/?s={search_term_string}\"},\"query-input\":{\"@type\":\"PropertyValueSpecification\",\"valueRequired\":true,\"valueName\":\"search_term_string\"}}],\"inLanguage\":\"en-US\"}]}<\/script>\n<!-- \/ Yoast SEO Premium plugin. -->","yoast_head_json":{"title":"Cancellation policy - Hotel Chesa Spuondas","robots":{"index":"index","follow":"follow","max-snippet":"max-snippet:-1","max-image-preview":"max-image-preview:large","max-video-preview":"max-video-preview:-1"},"canonical":"https:\/\/www.chesaspuondas.ch\/en\/cancellation-policy\/","og_locale":"en_US","og_type":"article","og_title":"Cancellation policy","og_url":"https:\/\/www.chesaspuondas.ch\/en\/cancellation-policy\/","og_site_name":"Hotel Chesa Spuondas","article_publisher":"https:\/\/www.facebook.com\/chesaspuondashotel","article_modified_time":"2024-07-07T07:17:08+00:00","twitter_card":"summary_large_image","schema":{"@context":"https:\/\/schema.org","@graph":[{"@type":"WebPage","@id":"https:\/\/www.chesaspuondas.ch\/en\/cancellation-policy\/","url":"https:\/\/www.chesaspuondas.ch\/en\/cancellation-policy\/","name":"Cancellation policy - Hotel Chesa Spuondas","isPartOf":{"@id":"https:\/\/www.chesaspuondas.ch\/#website"},"datePublished":"2021-04-08T12:35:49+00:00","dateModified":"2024-07-07T07:17:08+00:00","breadcrumb":{"@id":"https:\/\/www.chesaspuondas.ch\/en\/cancellation-policy\/#breadcrumb"},"inLanguage":"en-US","potentialAction":[{"@type":"ReadAction","target":["https:\/\/www.chesaspuondas.ch\/en\/cancellation-policy\/"]}]},{"@type":"BreadcrumbList","@id":"https:\/\/www.chesaspuondas.ch\/en\/cancellation-policy\/#breadcrumb","itemListElement":[{"@type":"ListItem","position":1,"name":"Startseite","item":"https:\/\/www.chesaspuondas.ch\/en\/"},{"@type":"ListItem","position":2,"name":"Cancellation policy"}]},{"@type":"WebSite","@id":"https:\/\/www.chesaspuondas.ch\/#website","url":"https:\/\/www.chesaspuondas.ch\/","name":"Hotel Chesa Spuondas","description":"So unkompliziert wie bei Freunden \u2013 so bequem wie im Hotel","potentialAction":[{"@type":"SearchAction","target":{"@type":"EntryPoint","urlTemplate":"https:\/\/www.chesaspuondas.ch\/?s={search_term_string}"},"query-input":{"@type":"PropertyValueSpecification","valueRequired":true,"valueName":"search_term_string"}}],"inLanguage":"en-US"}]}},"_links":{"self":[{"href":"https:\/\/www.chesaspuondas.ch\/en\/wp-json\/wp\/v2\/pages\/5901","targetHints":{"allow":["GET"]}}],"collection":[{"href":"https:\/\/www.chesaspuondas.ch\/en\/wp-json\/wp\/v2\/pages"}],"about":[{"href":"https:\/\/www.chesaspuondas.ch\/en\/wp-json\/wp\/v2\/types\/page"}],"author":[{"embeddable":true,"href":"https:\/\/www.chesaspuondas.ch\/en\/wp-json\/wp\/v2\/users\/16"}],"replies":[{"embeddable":true,"href":"https:\/\/www.chesaspuondas.ch\/en\/wp-json\/wp\/v2\/comments?post=5901"}],"version-history":[{"count":3,"href":"https:\/\/www.chesaspuondas.ch\/en\/wp-json\/wp\/v2\/pages\/5901\/revisions"}],"predecessor-version":[{"id":10356,"href":"https:\/\/www.chesaspuondas.ch\/en\/wp-json\/wp\/v2\/pages\/5901\/revisions\/10356"}],"wp:attachment":[{"href":"https:\/\/www.chesaspuondas.ch\/en\/wp-json\/wp\/v2\/media?parent=5901"}],"curies":[{"name":"wp","href":"https:\/\/api.w.org\/{rel}","templated":true}]}}